{"id":28,"date":"2025-11-18T21:09:56","date_gmt":"2025-11-18T20:09:56","guid":{"rendered":"https:\/\/www.evex.cc\/?page_id=28"},"modified":"2025-12-19T17:14:47","modified_gmt":"2025-12-19T16:14:47","slug":"elementor-28","status":"publish","type":"page","link":"https:\/\/www.evex.cc\/","title":{"rendered":""},"content":{"rendered":"\t\t<div data-elementor-type=\"wp-page\" data-elementor-id=\"28\" class=\"elementor elementor-28\">\n\t\t\t\t<div class=\"elementor-element elementor-element-796d270 e-flex e-con-boxed e-con e-parent\" data-id=\"796d270\" data-element_type=\"container\">\n\t\t\t\t\t<div class=\"e-con-inner\">\n\t\t\t\t\t<\/div>\n\t\t\t\t<\/div>\n\t\t<div class=\"elementor-element elementor-element-5dc7f56 e-grid e-con-full e-con e-parent\" data-id=\"5dc7f56\" data-element_type=\"container\">\n\t\t\t\t<div class=\"elementor-element elementor-element-3c1bd66 elementor-position-top elementor-widget elementor-widget-image-box\" data-id=\"3c1bd66\" data-element_type=\"widget\" data-widget_type=\"image-box.default\">\n\t\t\t\t\t<div class=\"elementor-image-box-wrapper\"><figure class=\"elementor-image-box-img\"><img fetchpriority=\"high\" decoding=\"async\" width=\"500\" height=\"500\" src=\"https:\/\/www.evex.cc\/wp-content\/uploads\/2025\/11\/Moving-Head.png\" class=\"attachment-full size-full wp-image-58\" alt=\"\" srcset=\"https:\/\/www.evex.cc\/wp-content\/uploads\/2025\/11\/Moving-Head.png 500w, https:\/\/www.evex.cc\/wp-content\/uploads\/2025\/11\/Moving-Head-300x300.png 300w, https:\/\/www.evex.cc\/wp-content\/uploads\/2025\/11\/Moving-Head-150x150.png 150w, https:\/\/www.evex.cc\/wp-content\/uploads\/2025\/11\/Moving-Head-230x230.png 230w, https:\/\/www.evex.cc\/wp-content\/uploads\/2025\/11\/Moving-Head-350x350.png 350w, https:\/\/www.evex.cc\/wp-content\/uploads\/2025\/11\/Moving-Head-480x480.png 480w, https:\/\/www.evex.cc\/wp-content\/uploads\/2025\/11\/Moving-Head-420x420.png 420w, https:\/\/www.evex.cc\/wp-content\/uploads\/2025\/11\/Moving-Head-100x100.png 100w\" sizes=\"(max-width: 500px) 100vw, 500px\" \/><\/figure><div class=\"elementor-image-box-content\"><h3 class=\"elementor-image-box-title\">LICHT<\/h3><p class=\"elementor-image-box-description\">Perfekte Atmosph\u00e4re f\u00fcr Events jeder Gr\u00f6\u00dfe<\/p><\/div><\/div>\t\t\t\t<\/div>\n\t\t\t\t<div class=\"elementor-element elementor-element-6676c4d elementor-position-top elementor-widget elementor-widget-image-box\" data-id=\"6676c4d\" data-element_type=\"widget\" data-widget_type=\"image-box.default\">\n\t\t\t\t\t<div class=\"elementor-image-box-wrapper\"><figure class=\"elementor-image-box-img\"><img decoding=\"async\" width=\"500\" height=\"500\" src=\"https:\/\/www.evex.cc\/wp-content\/uploads\/2025\/11\/PA-Speaker.png\" class=\"attachment-full size-full wp-image-59\" alt=\"\" srcset=\"https:\/\/www.evex.cc\/wp-content\/uploads\/2025\/11\/PA-Speaker.png 500w, https:\/\/www.evex.cc\/wp-content\/uploads\/2025\/11\/PA-Speaker-300x300.png 300w, https:\/\/www.evex.cc\/wp-content\/uploads\/2025\/11\/PA-Speaker-150x150.png 150w, https:\/\/www.evex.cc\/wp-content\/uploads\/2025\/11\/PA-Speaker-230x230.png 230w, https:\/\/www.evex.cc\/wp-content\/uploads\/2025\/11\/PA-Speaker-350x350.png 350w, https:\/\/www.evex.cc\/wp-content\/uploads\/2025\/11\/PA-Speaker-480x480.png 480w, https:\/\/www.evex.cc\/wp-content\/uploads\/2025\/11\/PA-Speaker-420x420.png 420w, https:\/\/www.evex.cc\/wp-content\/uploads\/2025\/11\/PA-Speaker-100x100.png 100w\" sizes=\"(max-width: 500px) 100vw, 500px\" \/><\/figure><div class=\"elementor-image-box-content\"><h3 class=\"elementor-image-box-title\">TON<\/h3><p class=\"elementor-image-box-description\">Glasklarer Sound f\u00fcr jeden Anlass<\/p><\/div><\/div>\t\t\t\t<\/div>\n\t\t\t\t<div class=\"elementor-element elementor-element-18fa009 elementor-position-top elementor-widget elementor-widget-image-box\" data-id=\"18fa009\" data-element_type=\"widget\" data-widget_type=\"image-box.default\">\n\t\t\t\t\t<div class=\"elementor-image-box-wrapper\"><figure class=\"elementor-image-box-img\"><img decoding=\"async\" width=\"500\" height=\"500\" src=\"https:\/\/www.evex.cc\/wp-content\/uploads\/2025\/11\/Plattenspieler.png\" class=\"attachment-full size-full wp-image-60\" alt=\"\" srcset=\"https:\/\/www.evex.cc\/wp-content\/uploads\/2025\/11\/Plattenspieler.png 500w, https:\/\/www.evex.cc\/wp-content\/uploads\/2025\/11\/Plattenspieler-300x300.png 300w, https:\/\/www.evex.cc\/wp-content\/uploads\/2025\/11\/Plattenspieler-150x150.png 150w, https:\/\/www.evex.cc\/wp-content\/uploads\/2025\/11\/Plattenspieler-230x230.png 230w, https:\/\/www.evex.cc\/wp-content\/uploads\/2025\/11\/Plattenspieler-350x350.png 350w, https:\/\/www.evex.cc\/wp-content\/uploads\/2025\/11\/Plattenspieler-480x480.png 480w, https:\/\/www.evex.cc\/wp-content\/uploads\/2025\/11\/Plattenspieler-420x420.png 420w, https:\/\/www.evex.cc\/wp-content\/uploads\/2025\/11\/Plattenspieler-100x100.png 100w\" sizes=\"(max-width: 500px) 100vw, 500px\" \/><\/figure><div class=\"elementor-image-box-content\"><h3 class=\"elementor-image-box-title\">DEEJAY<\/h3><p class=\"elementor-image-box-description\">Musik f\u00fcr Party, Hochzeiten &amp; Firmenfeiern<\/p><\/div><\/div>\t\t\t\t<\/div>\n\t\t\t\t<\/div>\n\t\t\t\t<\/div>\n\t\t","protected":false},"excerpt":{"rendered":"<p>LICHT Perfekte Atmosph\u00e4re f\u00fcr Events jeder Gr\u00f6\u00dfe TON Glasklarer Sound f\u00fcr jeden Anlass DEEJAY Musik f\u00fcr Party, Hochzeiten &amp; Firmenfeiern<\/p>\n","protected":false},"author":1,"featured_media":0,"parent":0,"menu_order":0,"comment_status":"closed","ping_status":"closed","template":"","meta":{"footnotes":""},"class_list":["post-28","page","type-page","status-publish","hentry"],"_links":{"self":[{"href":"https:\/\/www.evex.cc\/index.php?rest_route=\/wp\/v2\/pages\/28","targetHints":{"allow":["GET"]}}],"collection":[{"href":"https:\/\/www.evex.cc\/index.php?rest_route=\/wp\/v2\/pages"}],"about":[{"href":"https:\/\/www.evex.cc\/index.php?rest_route=\/wp\/v2\/types\/page"}],"author":[{"embeddable":true,"href":"https:\/\/www.evex.cc\/index.php?rest_route=\/wp\/v2\/users\/1"}],"replies":[{"embeddable":true,"href":"https:\/\/www.evex.cc\/index.php?rest_route=%2Fwp%2Fv2%2Fcomments&post=28"}],"version-history":[{"count":67,"href":"https:\/\/www.evex.cc\/index.php?rest_route=\/wp\/v2\/pages\/28\/revisions"}],"predecessor-version":[{"id":352,"href":"https:\/\/www.evex.cc\/index.php?rest_route=\/wp\/v2\/pages\/28\/revisions\/352"}],"wp:attachment":[{"href":"https:\/\/www.evex.cc\/index.php?rest_route=%2Fwp%2Fv2%2Fmedia&parent=28"}],"curies":[{"name":"wp","href":"https:\/\/api.w.org\/{rel}","templated":true}]}}