{"id":223,"date":"2025-11-29T15:48:45","date_gmt":"2025-11-29T14:48:45","guid":{"rendered":"https:\/\/www.evex.cc\/?post_type=product&#038;p=223"},"modified":"2025-12-21T12:48:22","modified_gmt":"2025-12-21T11:48:22","slug":"pioneer-djm900nxs","status":"publish","type":"product","link":"https:\/\/www.evex.cc\/?product=pioneer-djm900nxs","title":{"rendered":"Pioneer &#8211; DJM900NXS"},"content":{"rendered":"<p><strong data-start=\"0\" data-end=\"57\" data-is-only-node=\"\">Pioneer DJM-900NXS \u2013 Pr\u00e4zise Kontrolle f\u00fcr jeden Mix.<\/strong><br data-start=\"57\" data-end=\"60\" \/>4-Kanal Profi-DJ-Mixer mit hochwertigem Klang, vielseitigen Effekten und zuverl\u00e4ssiger Performance \u2013 ideal f\u00fcr anspruchsvolle Club- und Event-Setups.<\/p>\n","protected":false},"excerpt":{"rendered":"<p>Hochwertiger Club-Standard DJ-Mixer f\u00fcr pr\u00e4zises und zuverl\u00e4ssiges Mixing.<\/p>\n","protected":false},"featured_media":365,"comment_status":"open","ping_status":"closed","template":"","meta":[],"product_brand":[19],"product_cat":[18],"product_tag":[22],"class_list":{"0":"post-223","1":"product","2":"type-product","3":"status-publish","4":"has-post-thumbnail","6":"product_brand-pioneer-dj","7":"product_cat-dj-equipment","8":"product_tag-dj-mixer","10":"first","11":"instock","12":"virtual","13":"purchasable","14":"product-type-simple"},"_links":{"self":[{"href":"https:\/\/www.evex.cc\/index.php?rest_route=\/wp\/v2\/product\/223","targetHints":{"allow":["GET"]}}],"collection":[{"href":"https:\/\/www.evex.cc\/index.php?rest_route=\/wp\/v2\/product"}],"about":[{"href":"https:\/\/www.evex.cc\/index.php?rest_route=\/wp\/v2\/types\/product"}],"replies":[{"embeddable":true,"href":"https:\/\/www.evex.cc\/index.php?rest_route=%2Fwp%2Fv2%2Fcomments&post=223"}],"wp:featuredmedia":[{"embeddable":true,"href":"https:\/\/www.evex.cc\/index.php?rest_route=\/wp\/v2\/media\/365"}],"wp:attachment":[{"href":"https:\/\/www.evex.cc\/index.php?rest_route=%2Fwp%2Fv2%2Fmedia&parent=223"}],"wp:term":[{"taxonomy":"product_brand","embeddable":true,"href":"https:\/\/www.evex.cc\/index.php?rest_route=%2Fwp%2Fv2%2Fproduct_brand&post=223"},{"taxonomy":"product_cat","embeddable":true,"href":"https:\/\/www.evex.cc\/index.php?rest_route=%2Fwp%2Fv2%2Fproduct_cat&post=223"},{"taxonomy":"product_tag","embeddable":true,"href":"https:\/\/www.evex.cc\/index.php?rest_route=%2Fwp%2Fv2%2Fproduct_tag&post=223"}],"curies":[{"name":"wp","href":"https:\/\/api.w.org\/{rel}","templated":true}]}}