{"id":227,"date":"2025-11-30T13:40:46","date_gmt":"2025-11-30T12:40:46","guid":{"rendered":"https:\/\/www.evex.cc\/?post_type=product&#038;p=227"},"modified":"2025-12-21T15:02:24","modified_gmt":"2025-12-21T14:02:24","slug":"pioneer-dj-set","status":"publish","type":"product","link":"https:\/\/www.evex.cc\/?product=pioneer-dj-set","title":{"rendered":"Pioneer DJ Set"},"content":{"rendered":"<p><strong data-start=\"0\" data-end=\"64\" data-is-only-node=\"\">DJ-Set \u2013 Professionelles Premium-Setup f\u00fcr h\u00f6chste Anspr\u00fcche<\/strong><br data-start=\"64\" data-end=\"67\" \/>Dieses DJ-Set besteht aus <strong data-start=\"93\" data-end=\"160\">zwei Mediaplayern vom Typ <span class=\"hover:entity-accent entity-underline inline cursor-pointer align-baseline\"><span class=\"whitespace-normal\">Pioneer CDJ\u20112000NXS2<\/span><\/span><\/strong> sowie dem hochwertigen <strong data-start=\"184\" data-end=\"234\">DJ-Mixer <span class=\"hover:entity-accent entity-underline inline cursor-pointer align-baseline\"><span class=\"whitespace-normal\">Pioneer DJM\u2011900NXS<\/span><\/span><\/strong>. Geliefert wird das komplette Setup im robusten <strong data-start=\"283\" data-end=\"324\"><span class=\"hover:entity-accent entity-underline inline cursor-pointer align-baseline\"><span class=\"whitespace-normal\">Thon Case<\/span><\/span><\/strong>, inklusive aller ben\u00f6tigten Anschluss- und Stromkabel.<br data-start=\"379\" data-end=\"382\" \/>Perfekt f\u00fcr Clubs, Festivals, Hochzeiten oder professionelle DJ-Events \u2013 anschlie\u00dfen und sofort auf h\u00f6chstem Niveau loslegen.<\/p>\n","protected":false},"excerpt":{"rendered":"<p><strong data-start=\"0\" data-end=\"40\" data-is-only-node=\"\">DJ-Set \u2013 Profi-Setup f\u00fcr jeden Event<\/strong><br data-start=\"40\" data-end=\"43\" \/>Bestehend aus <strong data-start=\"57\" data-end=\"84\">2\u00d7 Pioneer CDJ-2000NXS2<\/strong> und <strong data-start=\"89\" data-end=\"114\">1\u00d7 Pioneer DJM-900NXS<\/strong>. Hochwertiges Equipment f\u00fcr Club-, Party- oder Event-DJ-Auftritte. Schnell einsatzbereit.<\/p>\n","protected":false},"featured_media":231,"comment_status":"open","ping_status":"closed","template":"","meta":[],"product_brand":[19],"product_cat":[18],"product_tag":[23],"class_list":{"0":"post-227","1":"product","2":"type-product","3":"status-publish","4":"has-post-thumbnail","6":"product_brand-pioneer-dj","7":"product_cat-dj-equipment","8":"product_tag-dj-set","10":"first","11":"instock","12":"virtual","13":"purchasable","14":"product-type-simple"},"_links":{"self":[{"href":"https:\/\/www.evex.cc\/index.php?rest_route=\/wp\/v2\/product\/227","targetHints":{"allow":["GET"]}}],"collection":[{"href":"https:\/\/www.evex.cc\/index.php?rest_route=\/wp\/v2\/product"}],"about":[{"href":"https:\/\/www.evex.cc\/index.php?rest_route=\/wp\/v2\/types\/product"}],"replies":[{"embeddable":true,"href":"https:\/\/www.evex.cc\/index.php?rest_route=%2Fwp%2Fv2%2Fcomments&post=227"}],"wp:featuredmedia":[{"embeddable":true,"href":"https:\/\/www.evex.cc\/index.php?rest_route=\/wp\/v2\/media\/231"}],"wp:attachment":[{"href":"https:\/\/www.evex.cc\/index.php?rest_route=%2Fwp%2Fv2%2Fmedia&parent=227"}],"wp:term":[{"taxonomy":"product_brand","embeddable":true,"href":"https:\/\/www.evex.cc\/index.php?rest_route=%2Fwp%2Fv2%2Fproduct_brand&post=227"},{"taxonomy":"product_cat","embeddable":true,"href":"https:\/\/www.evex.cc\/index.php?rest_route=%2Fwp%2Fv2%2Fproduct_cat&post=227"},{"taxonomy":"product_tag","embeddable":true,"href":"https:\/\/www.evex.cc\/index.php?rest_route=%2Fwp%2Fv2%2Fproduct_tag&post=227"}],"curies":[{"name":"wp","href":"https:\/\/api.w.org\/{rel}","templated":true}]}}