{"id":290,"date":"2025-12-08T11:56:37","date_gmt":"2025-12-08T10:56:37","guid":{"rendered":"https:\/\/www.evex.cc\/?post_type=product&#038;p=290"},"modified":"2025-12-21T14:47:59","modified_gmt":"2025-12-21T13:47:59","slug":"lichtset-move-1","status":"publish","type":"product","link":"https:\/\/www.evex.cc\/?product=lichtset-move-1","title":{"rendered":"Lichtset &#8211; Move 2"},"content":{"rendered":"<p><strong data-start=\"0\" data-end=\"62\" data-is-only-node=\"\">Licht-Set Move 2 \u2013 Dynamische Bewegteffekte f\u00fcr jede B\u00fchne<\/strong><br data-start=\"62\" data-end=\"65\" \/>Das Licht-Set Move 1 umfasst <strong data-start=\"94\" data-end=\"175\">zwei kompakte Moving-Light-Bars vom Typ <span class=\"hover:entity-accent entity-underline inline cursor-pointer align-baseline\"><span class=\"whitespace-normal\">Cameo HydraBeam 400<\/span><\/span><\/strong>, geliefert mit <strong data-start=\"191\" data-end=\"218\">zwei passenden Stativen<\/strong> und allen ben\u00f6tigten Kabeln.<br data-start=\"247\" data-end=\"250\" \/>Die schnellen, pr\u00e4zisen Beam-Effekte sorgen f\u00fcr beeindruckende Lichtshows bei Partys, B\u00fchnenauftritten oder DJ-Events \u2013 einfach aufstellen, anschlie\u00dfen und losleuchten.<\/p>\n","protected":false},"excerpt":{"rendered":"<p>Kompakte Moving-Light-Bar f\u00fcr schnelle, pr\u00e4zise Beam-Effekte und dynamische Lichtshows.<\/p>\n","protected":false},"featured_media":308,"comment_status":"open","ping_status":"closed","template":"","meta":[],"product_brand":[32],"product_cat":[31],"product_tag":[42],"class_list":{"0":"post-290","1":"product","2":"type-product","3":"status-publish","4":"has-post-thumbnail","6":"product_brand-cameo","7":"product_cat-light","8":"product_tag-moving-head-bar","10":"first","11":"instock","12":"shipping-taxable","13":"purchasable","14":"product-type-simple"},"_links":{"self":[{"href":"https:\/\/www.evex.cc\/index.php?rest_route=\/wp\/v2\/product\/290","targetHints":{"allow":["GET"]}}],"collection":[{"href":"https:\/\/www.evex.cc\/index.php?rest_route=\/wp\/v2\/product"}],"about":[{"href":"https:\/\/www.evex.cc\/index.php?rest_route=\/wp\/v2\/types\/product"}],"replies":[{"embeddable":true,"href":"https:\/\/www.evex.cc\/index.php?rest_route=%2Fwp%2Fv2%2Fcomments&post=290"}],"wp:featuredmedia":[{"embeddable":true,"href":"https:\/\/www.evex.cc\/index.php?rest_route=\/wp\/v2\/media\/308"}],"wp:attachment":[{"href":"https:\/\/www.evex.cc\/index.php?rest_route=%2Fwp%2Fv2%2Fmedia&parent=290"}],"wp:term":[{"taxonomy":"product_brand","embeddable":true,"href":"https:\/\/www.evex.cc\/index.php?rest_route=%2Fwp%2Fv2%2Fproduct_brand&post=290"},{"taxonomy":"product_cat","embeddable":true,"href":"https:\/\/www.evex.cc\/index.php?rest_route=%2Fwp%2Fv2%2Fproduct_cat&post=290"},{"taxonomy":"product_tag","embeddable":true,"href":"https:\/\/www.evex.cc\/index.php?rest_route=%2Fwp%2Fv2%2Fproduct_tag&post=290"}],"curies":[{"name":"wp","href":"https:\/\/api.w.org\/{rel}","templated":true}]}}