{"id":296,"date":"2025-12-08T13:35:28","date_gmt":"2025-12-08T12:35:28","guid":{"rendered":"https:\/\/www.evex.cc\/?post_type=product&#038;p=296"},"modified":"2025-12-21T14:50:41","modified_gmt":"2025-12-21T13:50:41","slug":"stage-bar","status":"publish","type":"product","link":"https:\/\/www.evex.cc\/?product=stage-bar","title":{"rendered":"Stage-Bar"},"content":{"rendered":"<p><strong data-start=\"0\" data-end=\"71\" data-is-only-node=\"\">Licht-Set Effektbar \u2013 Kraftvolle Farbakzente f\u00fcr jede Veranstaltung<\/strong><br data-start=\"71\" data-end=\"74\" \/>Das Licht-Set Effektbar umfasst die zuverl\u00e4ssige <strong data-start=\"123\" data-end=\"164\"><span class=\"hover:entity-accent entity-underline inline cursor-pointer align-baseline\"><span class=\"whitespace-normal\">Stairville Stage TRI LED<\/span><\/span><\/strong> sowie ein passendes Stativ. Die kr\u00e4ftigen RGB-Farben und der breite Abstrahlwinkel sorgen f\u00fcr stimmungsvolle Beleuchtung bei Partys, Pr\u00e4sentationen oder kleinen B\u00fchnen.<br data-start=\"334\" data-end=\"337\" \/>Schnell aufgebaut, leicht zu bedienen \u2013 ideal f\u00fcr flexible Lichtstimmungen.<\/p>\n","protected":false},"excerpt":{"rendered":"<p>Kompakter LED-Scheinwerfer mit kr\u00e4ftigen RGB-Farben f\u00fcr flexible B\u00fchnen- und Ambientbeleuchtung.<\/p>\n","protected":false},"featured_media":297,"comment_status":"open","ping_status":"closed","template":"","meta":[],"product_brand":[33],"product_cat":[31],"product_tag":[45],"class_list":{"0":"post-296","1":"product","2":"type-product","3":"status-publish","4":"has-post-thumbnail","6":"product_brand-stairville","7":"product_cat-light","8":"product_tag-stage-bar","10":"first","11":"instock","12":"virtual","13":"purchasable","14":"product-type-simple"},"_links":{"self":[{"href":"https:\/\/www.evex.cc\/index.php?rest_route=\/wp\/v2\/product\/296","targetHints":{"allow":["GET"]}}],"collection":[{"href":"https:\/\/www.evex.cc\/index.php?rest_route=\/wp\/v2\/product"}],"about":[{"href":"https:\/\/www.evex.cc\/index.php?rest_route=\/wp\/v2\/types\/product"}],"replies":[{"embeddable":true,"href":"https:\/\/www.evex.cc\/index.php?rest_route=%2Fwp%2Fv2%2Fcomments&post=296"}],"wp:featuredmedia":[{"embeddable":true,"href":"https:\/\/www.evex.cc\/index.php?rest_route=\/wp\/v2\/media\/297"}],"wp:attachment":[{"href":"https:\/\/www.evex.cc\/index.php?rest_route=%2Fwp%2Fv2%2Fmedia&parent=296"}],"wp:term":[{"taxonomy":"product_brand","embeddable":true,"href":"https:\/\/www.evex.cc\/index.php?rest_route=%2Fwp%2Fv2%2Fproduct_brand&post=296"},{"taxonomy":"product_cat","embeddable":true,"href":"https:\/\/www.evex.cc\/index.php?rest_route=%2Fwp%2Fv2%2Fproduct_cat&post=296"},{"taxonomy":"product_tag","embeddable":true,"href":"https:\/\/www.evex.cc\/index.php?rest_route=%2Fwp%2Fv2%2Fproduct_tag&post=296"}],"curies":[{"name":"wp","href":"https:\/\/api.w.org\/{rel}","templated":true}]}}