{"id":304,"date":"2025-12-09T17:50:22","date_gmt":"2025-12-09T16:50:22","guid":{"rendered":"https:\/\/www.evex.cc\/?post_type=product&#038;p=304"},"modified":"2025-12-21T15:07:35","modified_gmt":"2025-12-21T14:07:35","slug":"nebelmaschine","status":"publish","type":"product","link":"https:\/\/www.evex.cc\/?product=nebelmaschine","title":{"rendered":"Nebelmaschine"},"content":{"rendered":"<p><strong data-start=\"0\" data-end=\"66\" data-is-only-node=\"\">Nebelmaschine \u2013 Dichte Effekte f\u00fcr beeindruckende Lichtshows<\/strong><br data-start=\"66\" data-end=\"69\" \/>Dieses Set umfasst eine zuverl\u00e4ssige <strong data-start=\"106\" data-end=\"147\"><span class=\"hover:entity-accent entity-underline inline cursor-pointer align-baseline\"><span class=\"whitespace-normal\">Stairville AF150<\/span><\/span><\/strong> Nebelmaschine, ideal f\u00fcr Partys, B\u00fchnen oder DJ-Events. Sie erzeugt gleichm\u00e4\u00dfigen, kr\u00e4ftigen Nebel und verst\u00e4rkt so s\u00e4mtliche Licht- und Showeffekte.<br data-start=\"298\" data-end=\"301\" \/>Kompakt, effektiv und schnell einsatzbereit \u2013 f\u00fcr atmosph\u00e4rische Effekte im Handumdrehen.<\/p>\n","protected":false},"excerpt":{"rendered":"<p><strong data-start=\"0\" data-end=\"46\" data-is-only-node=\"\">Kompakte Nebelmaschine<\/strong><br data-start=\"46\" data-end=\"49\" \/>Erzeugt dichten, gleichm\u00e4\u00dfigen Nebel f\u00fcr B\u00fchnen, Partys und Lichtshows. Schnell einsatzbereit und einfach zu bedienen.<\/p>\n","protected":false},"featured_media":307,"comment_status":"open","ping_status":"closed","template":"","meta":[],"product_brand":[33],"product_cat":[31],"product_tag":[50],"class_list":{"0":"post-304","1":"product","2":"type-product","3":"status-publish","4":"has-post-thumbnail","6":"product_brand-stairville","7":"product_cat-light","8":"product_tag-nebelmaschine","10":"first","11":"instock","12":"virtual","13":"purchasable","14":"product-type-simple"},"_links":{"self":[{"href":"https:\/\/www.evex.cc\/index.php?rest_route=\/wp\/v2\/product\/304","targetHints":{"allow":["GET"]}}],"collection":[{"href":"https:\/\/www.evex.cc\/index.php?rest_route=\/wp\/v2\/product"}],"about":[{"href":"https:\/\/www.evex.cc\/index.php?rest_route=\/wp\/v2\/types\/product"}],"replies":[{"embeddable":true,"href":"https:\/\/www.evex.cc\/index.php?rest_route=%2Fwp%2Fv2%2Fcomments&post=304"}],"wp:featuredmedia":[{"embeddable":true,"href":"https:\/\/www.evex.cc\/index.php?rest_route=\/wp\/v2\/media\/307"}],"wp:attachment":[{"href":"https:\/\/www.evex.cc\/index.php?rest_route=%2Fwp%2Fv2%2Fmedia&parent=304"}],"wp:term":[{"taxonomy":"product_brand","embeddable":true,"href":"https:\/\/www.evex.cc\/index.php?rest_route=%2Fwp%2Fv2%2Fproduct_brand&post=304"},{"taxonomy":"product_cat","embeddable":true,"href":"https:\/\/www.evex.cc\/index.php?rest_route=%2Fwp%2Fv2%2Fproduct_cat&post=304"},{"taxonomy":"product_tag","embeddable":true,"href":"https:\/\/www.evex.cc\/index.php?rest_route=%2Fwp%2Fv2%2Fproduct_tag&post=304"}],"curies":[{"name":"wp","href":"https:\/\/api.w.org\/{rel}","templated":true}]}}