{"id":309,"date":"2025-12-09T18:03:14","date_gmt":"2025-12-09T17:03:14","guid":{"rendered":"https:\/\/www.evex.cc\/?post_type=product&#038;p=309"},"modified":"2025-12-21T15:04:55","modified_gmt":"2025-12-21T14:04:55","slug":"shure-funkmikrofon","status":"publish","type":"product","link":"https:\/\/www.evex.cc\/?product=shure-funkmikrofon","title":{"rendered":"Shure Funkmikrofon"},"content":{"rendered":"<p><strong data-start=\"0\" data-end=\"62\" data-is-only-node=\"\">Funkmikrofon \u2013 Zuverl\u00e4ssige Sprach- und Gesangs\u00fcbertragung<\/strong><br data-start=\"62\" data-end=\"65\" \/>Das Funkmikrofon-Set <strong data-start=\"86\" data-end=\"127\"><span class=\"hover:entity-accent entity-underline inline cursor-pointer align-baseline\"><span class=\"whitespace-normal\">Shure BLX24\/PG58 S8<\/span><\/span><\/strong> bietet klare, stabile Audioqualit\u00e4t f\u00fcr Moderationen, Pr\u00e4sentationen oder Gesang. Dank einfacher Bedienung, sicherer Funkstrecke und robustem Mikrofon ist es ideal f\u00fcr Events jeder Gr\u00f6\u00dfe.<br data-start=\"315\" data-end=\"318\" \/>Anschalten, verbinden und sofort kabellose Freiheit genie\u00dfen.<\/p>\n","protected":false},"excerpt":{"rendered":"<p><strong data-start=\"0\" data-end=\"49\" data-is-only-node=\"\">Shure BLX24\/PG58 S8 \u2013 Kabelloses Funkmikrofon<\/strong><br data-start=\"49\" data-end=\"52\" \/>Klare, stabile Sprach- und Gesangs\u00fcbertragung f\u00fcr Moderationen, Pr\u00e4sentationen oder kleine B\u00fchnen. Einfach zu bedienen und sofort einsatzbereit.<\/p>\n","protected":false},"featured_media":310,"comment_status":"open","ping_status":"closed","template":"","meta":[],"product_brand":[37],"product_cat":[36],"product_tag":[38],"class_list":{"0":"post-309","1":"product","2":"type-product","3":"status-publish","4":"has-post-thumbnail","6":"product_brand-shure","7":"product_cat-live","8":"product_tag-mikrofon","10":"first","11":"instock","12":"shipping-taxable","13":"purchasable","14":"product-type-simple"},"_links":{"self":[{"href":"https:\/\/www.evex.cc\/index.php?rest_route=\/wp\/v2\/product\/309","targetHints":{"allow":["GET"]}}],"collection":[{"href":"https:\/\/www.evex.cc\/index.php?rest_route=\/wp\/v2\/product"}],"about":[{"href":"https:\/\/www.evex.cc\/index.php?rest_route=\/wp\/v2\/types\/product"}],"replies":[{"embeddable":true,"href":"https:\/\/www.evex.cc\/index.php?rest_route=%2Fwp%2Fv2%2Fcomments&post=309"}],"wp:featuredmedia":[{"embeddable":true,"href":"https:\/\/www.evex.cc\/index.php?rest_route=\/wp\/v2\/media\/310"}],"wp:attachment":[{"href":"https:\/\/www.evex.cc\/index.php?rest_route=%2Fwp%2Fv2%2Fmedia&parent=309"}],"wp:term":[{"taxonomy":"product_brand","embeddable":true,"href":"https:\/\/www.evex.cc\/index.php?rest_route=%2Fwp%2Fv2%2Fproduct_brand&post=309"},{"taxonomy":"product_cat","embeddable":true,"href":"https:\/\/www.evex.cc\/index.php?rest_route=%2Fwp%2Fv2%2Fproduct_cat&post=309"},{"taxonomy":"product_tag","embeddable":true,"href":"https:\/\/www.evex.cc\/index.php?rest_route=%2Fwp%2Fv2%2Fproduct_tag&post=309"}],"curies":[{"name":"wp","href":"https:\/\/api.w.org\/{rel}","templated":true}]}}