{"id":44,"date":"2025-11-18T21:35:06","date_gmt":"2025-11-18T20:35:06","guid":{"rendered":"https:\/\/www.evex.cc\/?post_type=product&#038;p=44"},"modified":"2025-12-21T12:45:03","modified_gmt":"2025-12-21T11:45:03","slug":"cdj2000nxs2","status":"publish","type":"product","link":"https:\/\/www.evex.cc\/?product=cdj2000nxs2","title":{"rendered":"Pioneer &#8211; CDJ2000NXS2"},"content":{"rendered":"<p><strong data-start=\"0\" data-end=\"45\" data-is-only-node=\"\">Pioneer CDJ-2000NXS2 \u2013 Der Club-Standard.<\/strong><br data-start=\"45\" data-end=\"48\" \/>Leistungsstarker Profi-Multiplayer mit hochaufl\u00f6sendem Touchdisplay, 96-kHz\/24-bit-Audio, schneller USB-\/SD-Analyse und pr\u00e4zisem Jogwheel. Ideal f\u00fcr nahtlose Sets, perfekte Mixkontrolle und maximale Zuverl\u00e4ssigkeit auf jedem Event.<\/p>\n","protected":false},"excerpt":{"rendered":"<p>Professionelles DJ-Setup f\u00fcr h\u00f6chste Anspr\u00fcche und clubtaugliche Performances.<\/p>\n","protected":false},"featured_media":364,"comment_status":"open","ping_status":"closed","template":"","meta":[],"product_brand":[19],"product_cat":[18],"product_tag":[20],"class_list":{"0":"post-44","1":"product","2":"type-product","3":"status-publish","4":"has-post-thumbnail","6":"product_brand-pioneer-dj","7":"product_cat-dj-equipment","8":"product_tag-dj-multimedia-player","10":"first","11":"instock","12":"virtual","13":"purchasable","14":"product-type-simple"},"_links":{"self":[{"href":"https:\/\/www.evex.cc\/index.php?rest_route=\/wp\/v2\/product\/44","targetHints":{"allow":["GET"]}}],"collection":[{"href":"https:\/\/www.evex.cc\/index.php?rest_route=\/wp\/v2\/product"}],"about":[{"href":"https:\/\/www.evex.cc\/index.php?rest_route=\/wp\/v2\/types\/product"}],"replies":[{"embeddable":true,"href":"https:\/\/www.evex.cc\/index.php?rest_route=%2Fwp%2Fv2%2Fcomments&post=44"}],"wp:featuredmedia":[{"embeddable":true,"href":"https:\/\/www.evex.cc\/index.php?rest_route=\/wp\/v2\/media\/364"}],"wp:attachment":[{"href":"https:\/\/www.evex.cc\/index.php?rest_route=%2Fwp%2Fv2%2Fmedia&parent=44"}],"wp:term":[{"taxonomy":"product_brand","embeddable":true,"href":"https:\/\/www.evex.cc\/index.php?rest_route=%2Fwp%2Fv2%2Fproduct_brand&post=44"},{"taxonomy":"product_cat","embeddable":true,"href":"https:\/\/www.evex.cc\/index.php?rest_route=%2Fwp%2Fv2%2Fproduct_cat&post=44"},{"taxonomy":"product_tag","embeddable":true,"href":"https:\/\/www.evex.cc\/index.php?rest_route=%2Fwp%2Fv2%2Fproduct_tag&post=44"}],"curies":[{"name":"wp","href":"https:\/\/api.w.org\/{rel}","templated":true}]}}